{"id":5248,"date":"2021-04-09T06:37:05","date_gmt":"2021-04-09T04:37:05","guid":{"rendered":"https:\/\/www.technosert.com\/unternehmen\/werte\/"},"modified":"2021-12-22T15:36:23","modified_gmt":"2021-12-22T14:36:23","slug":"values","status":"publish","type":"page","link":"https:\/\/www.technosert.com\/en\/company\/values\/","title":{"rendered":"Values"},"content":{"rendered":"\n\n\n\n\n\n\n\n\n\n\n\n\n\n\n\n\n\n\n\n\n\n\n\n\n\n\n\n\n\n\n                    \n            <div class=\"ce ce-text\n         ce--mb-standard                                 \"\n             id=\"block_60c894d4fe030\">\n                                    <div class=\"container-fluid\">\n                                <div class=\"row\">\n                    <div class=\"col-12 col-md-12 col-xl-10 mx-auto text-left\">\n                        <div class=\"ce-textblock\" data-aos=\"fade-up\" data-aos-duration=\"300\">\n    <div class=\"ce-textblock__text\">\n                        <p>Technosert delivers custom-tailored EMS solutions for electronics modules with high precision. We firmly believe that the best can only be accomplished through a collaborative effort \u2013 through the ideal interaction between man and machine, in a strong team.<\/p>\n\n    <\/div>\n<\/div>                    <\/div>\n                <\/div>\n                            <\/div>\n                    <\/div>\n    \n        \n\n\n\n\n\n\n\n\n\n\n\n\n\n\n\n\n\n\n\n\n\n\n\n\n\n\n\n\n\n\n\n\n\n            \n        \n                    <div class=\"ce ce-cols ce-cols--2\n         ce--mb-standard                                 \"\n                 id=\"werte-mensch-team\">\n                                <div class=\"container-fluid\">\n                                        <div class=\"row\">\n                        <div class=\"col-12 col-lg-6 \">\n                            <!--HIER DIE SCHLEIFE MIT DEM CONTENT SPALTE 1-->\n                                                                                                                            \n\n\n\n\n\n\n\n\n\n\n\n\n\n\n\n\n\n\n\n\n\n\n\n\n\n\n\n\n\n                                            \n        \n        \n        \n    \n\n                    \n    \n    \n                        \n            <div class=\"ce ce-image\n                                                            ce--no-bg\n        \"\n             id=\"block_60d49abf4531a\">\n                                                        <div class=\"row\">\n                    <div\n                        class=\"col-12 col-md-12 col-xl-12  text-left \">\n                        <figure class=\"\"  data-aos=\"fade-up\" data-aos-duration=\"300\" >\n                                                                                                                                                        <picture>\n                                                                                \n                                            \n                                                                                                                                                                                \n                                            <source media=\"(min-width: 1600px)\" srcset=\"https:\/\/www.technosert.com\/wp-content\/uploads\/2021\/12\/man-and-machine-1600x0-c-default.jpg\">\n                                            <source media=\"(min-width: 1200px)\" srcset=\"https:\/\/www.technosert.com\/wp-content\/uploads\/2021\/12\/man-and-machine-1600x0-c-default.jpg\">\n                                            <source media=\"(min-width: 992px)\" srcset=\"https:\/\/www.technosert.com\/wp-content\/uploads\/2021\/12\/man-and-machine-992x0-c-default.jpg\">\n                                            <source media=\"(min-width: 768px)\" srcset=\"https:\/\/www.technosert.com\/wp-content\/uploads\/2021\/12\/man-and-machine-992x0-c-default.jpg\">\n                                            <source media=\"(min-width: 576px)\" srcset=\"https:\/\/www.technosert.com\/wp-content\/uploads\/2021\/12\/man-and-machine-576x0-c-default.jpg\">\n                                            <source media=\"(min-width: 320px)\" srcset=\"https:\/\/www.technosert.com\/wp-content\/uploads\/2021\/12\/man-and-machine-576x0-c-default.jpg\">\n                                        <source srcset=\"https:\/\/www.technosert.com\/wp-content\/uploads\/2021\/12\/man-and-machine-320x0-c-default.jpg\">\n                                            <img loading=\"lazy\" decoding=\"async\" src=\"https:\/\/www.technosert.com\/wp-content\/uploads\/2021\/12\/man-and-machine-1600x0-c-default.jpg\" alt=\"\" title=\"\"\n                                             width=\"760\" height=\"400\"\n                                             class=\"img-fluid w-100\">\n                                                                    <\/picture>\n                                                            \n                                                    <\/figure>\n                    <\/div>\n                <\/div>\n                        <\/div>\n    \n                                                                    \n                        <\/div>\n                        <div class=\"col-12 col-lg-6 \">\n                            <!--HIER DIE SCHLEIFE MIT DEM CONTENT SPALTE 2-->\n                                                                                                                            \n\n\n\n\n\n\n\n\n\n\n\n\n\n\n\n\n\n\n\n\n\n\n\n\n\n\n\n\n\n                                            \n        \n        \n        \n    \n\n                    \n    \n    \n                        \n            <div class=\"ce ce-image\n                                                            ce--no-bg\n        \"\n             id=\"block_60d49abf4531a\">\n                                                        <div class=\"row\">\n                    <div\n                        class=\"col-12 col-md-12 col-xl-12  text-left \">\n                        <figure class=\"\"  data-aos=\"fade-up\" data-aos-duration=\"300\" >\n                                                                                                                                                        <picture>\n                                                                                \n                                            \n                                                                                                                                                                                \n                                            <source media=\"(min-width: 1600px)\" srcset=\"https:\/\/www.technosert.com\/wp-content\/uploads\/2021\/06\/TeamTalent_text_760x400px-1-1600x0-c-default.jpg\">\n                                            <source media=\"(min-width: 1200px)\" srcset=\"https:\/\/www.technosert.com\/wp-content\/uploads\/2021\/06\/TeamTalent_text_760x400px-1-1600x0-c-default.jpg\">\n                                            <source media=\"(min-width: 992px)\" srcset=\"https:\/\/www.technosert.com\/wp-content\/uploads\/2021\/06\/TeamTalent_text_760x400px-1-992x0-c-default.jpg\">\n                                            <source media=\"(min-width: 768px)\" srcset=\"https:\/\/www.technosert.com\/wp-content\/uploads\/2021\/06\/TeamTalent_text_760x400px-1-992x0-c-default.jpg\">\n                                            <source media=\"(min-width: 576px)\" srcset=\"https:\/\/www.technosert.com\/wp-content\/uploads\/2021\/06\/TeamTalent_text_760x400px-1-576x0-c-default.jpg\">\n                                            <source media=\"(min-width: 320px)\" srcset=\"https:\/\/www.technosert.com\/wp-content\/uploads\/2021\/06\/TeamTalent_text_760x400px-1-576x0-c-default.jpg\">\n                                        <source srcset=\"https:\/\/www.technosert.com\/wp-content\/uploads\/2021\/06\/TeamTalent_text_760x400px-1-320x0-c-default.jpg\">\n                                            <img loading=\"lazy\" decoding=\"async\" src=\"https:\/\/www.technosert.com\/wp-content\/uploads\/2021\/06\/TeamTalent_text_760x400px-1-1600x0-c-default.jpg\" alt=\"Der EMS-Elektronikdienstleister Technosert setzt auf Zusammenarbeit und die F\u00f6rderung von Talenten\" title=\"\"\n                                             width=\"760\" height=\"400\"\n                                             class=\"img-fluid w-100\">\n                                                                    <\/picture>\n                                                            \n                                                    <\/figure>\n                    <\/div>\n                <\/div>\n                        <\/div>\n    \n                                                                                            <\/div>\n                    <\/div>\n                <\/div>\n            <\/div>\n                        \n\n\n\n\n\n\n\n\n\n\n\n\n\n\n\n\n\n\n\n\n\n\n\n\n\n\n\n\n\n\n\n\n            <div class=\"ce ce-icongrid ce--mb-standard                                                 ce--no-bg\n            \" id=\"block_60c894fbfe031\">\n                        <div class=\"container-fluid\">\n                <div class=\"row\">\n                                    <\/div>\n                <div class=\"row\">\n                    <div class=\"col-12 col-md-10 mx-auto d-flex justify-content-center flex-wrap\">\n                                                                        <div class=\"ce-icongrid__item\">\n                                <div class=\"d-flex flex-column justify-content-center align-items-center text-center\">\n                                    <h5 class=\"\">\n                                        We build on people.\n                                    <\/h5>\n                                    <figure class=\"\" data-aos=\"fade\" data-aos-duration=\"300\">\n                                        <picture>\n                                            <img loading=\"lazy\" decoding=\"async\" src=\"https:\/\/www.technosert.com\/wp-content\/uploads\/2021\/06\/ICON_Unternehmen_MENSCH.png\" alt=\"Der EMS-Dienstleister Technosert baut auf kompetente Menschen.\" title=\"\"\n                                                 width=\"600\" height=\"700\"\n                                                 class=\"ce-icongrid__icon svg\">\n                                        <\/picture>\n                                    <\/figure>\n                                    <p>Building on our expertise and experience, we get the most out of our machinery. We work on all our projects with great passion and find the optimal solution for our customers.<\/p>\n\n                                <\/div>\n                            <\/div>\n                                                                        <div class=\"ce-icongrid__item\">\n                                <div class=\"d-flex flex-column justify-content-center align-items-center text-center\">\n                                    <h5 class=\"\">\n                                        We rely on technology.\n                                    <\/h5>\n                                    <figure class=\"\" data-aos=\"fade\" data-aos-duration=\"300\">\n                                        <picture>\n                                            <img loading=\"lazy\" decoding=\"async\" src=\"https:\/\/www.technosert.com\/wp-content\/uploads\/2021\/06\/ICON_Unternehmen_MASCHINE.png\" alt=\"Der EMS-Dienstleister Technosert setzt auf Technologie.\" title=\"\"\n                                                 width=\"600\" height=\"700\"\n                                                 class=\"ce-icongrid__icon svg\">\n                                        <\/picture>\n                                    <\/figure>\n                                    <p>We organize our state-of-the-art machines, plants, and workflows in such a way that we are able to manufacture cost-efficiently while also meeting our customers\u2019 requirements in the best way possible.<\/p>\n\n                                <\/div>\n                            <\/div>\n                                                                        <div class=\"ce-icongrid__item\">\n                                <div class=\"d-flex flex-column justify-content-center align-items-center text-center\">\n                                    <h5 class=\"\">\n                                        Every individual is important.\n                                    <\/h5>\n                                    <figure class=\"\" data-aos=\"fade\" data-aos-duration=\"300\">\n                                        <picture>\n                                            <img loading=\"lazy\" decoding=\"async\" src=\"https:\/\/www.technosert.com\/wp-content\/uploads\/2021\/06\/ICON_Unternehmen_TALENT.png\" alt=\"Der EMS-Dienstleister Technosert erm\u00f6glicht Talenten, sich zu entfalten\" title=\"\"\n                                                 width=\"600\" height=\"700\"\n                                                 class=\"ce-icongrid__icon svg\">\n                                        <\/picture>\n                                    <\/figure>\n                                    <p>With their respective roles and skills, each employee at technosert makes an essential contribution toward our success. We foster an environment that allows us to develop our talents and lets them grow.<\/p>\n\n                                <\/div>\n                            <\/div>\n                                                                        <div class=\"ce-icongrid__item\">\n                                <div class=\"d-flex flex-column justify-content-center align-items-center text-center\">\n                                    <h5 class=\"\">\n                                        Collaboration makes us successful.\n                                    <\/h5>\n                                    <figure class=\"\" data-aos=\"fade\" data-aos-duration=\"300\">\n                                        <picture>\n                                            <img loading=\"lazy\" decoding=\"async\" src=\"https:\/\/www.technosert.com\/wp-content\/uploads\/2021\/06\/ICON_Unternehmen_TEAM.png\" alt=\"Der EMS-Dienstleister Technosert ist mit Teamarbeit erfolgreich.\" title=\"\"\n                                                 width=\"600\" height=\"700\"\n                                                 class=\"ce-icongrid__icon svg\">\n                                        <\/picture>\n                                    <\/figure>\n                                    <p>We are a team to count on. All of us know their tasks and assume responsibility. We work independently and can rely on one another.<\/p>\n\n                                <\/div>\n                            <\/div>\n                                        <\/div>\n                <\/div>\n            <\/div>\n        <\/div>\n    ","protected":false},"excerpt":{"rendered":"","protected":false},"author":28,"featured_media":0,"parent":5218,"menu_order":0,"comment_status":"closed","ping_status":"closed","template":"","meta":{"_acf_changed":false,"footnotes":""},"class_list":["post-5248","page","type-page","status-publish","hentry"],"acf":[],"yoast_head":"<!-- This site is optimized with the Yoast SEO plugin v26.9 - https:\/\/yoast.com\/product\/yoast-seo-wordpress\/ -->\n<title>technosert \u2013 an Electronics Service Provider with Clear Values<\/title>\n<meta name=\"description\" content=\"technosert delivers custom-tailored EMS solutions for electronic modules with a high level of precision through the perfect interaction between man and machine.\" \/>\n<link rel=\"canonical\" href=\"https:\/\/www.technosert.com\/en\/company\/values\/\" \/>\n<meta property=\"og:locale\" content=\"en_US\" \/>\n<meta property=\"og:type\" content=\"article\" \/>\n<meta property=\"og:title\" content=\"Technosert \u2013 Elektronikdienstleister mit klaren Werten\" \/>\n<meta property=\"og:description\" content=\"Technosert liefert ma\u00dfgeschneiderte EMS-L\u00f6sungen f\u00fcr Baugruppen mit hoher Pr\u00e4zision im idealen Zusammenspiel von Mensch und Maschine, in einem starken Team. Feste Werte geben Orientierung.\" \/>\n<meta property=\"og:url\" content=\"https:\/\/www.technosert.com\/en\/company\/values\/\" \/>\n<meta property=\"og:site_name\" content=\"technosert electronic GmbH\" \/>\n<meta property=\"article:modified_time\" content=\"2021-12-22T14:36:23+00:00\" \/>\n<meta name=\"twitter:card\" content=\"summary_large_image\" \/>\n<meta name=\"twitter:title\" content=\"Technosert \u2013 Elektronikdienstleister mit klaren Werten\" \/>\n<meta name=\"twitter:description\" content=\"Technosert liefert ma\u00dfgeschneiderte EMS-L\u00f6sungen f\u00fcr Baugruppen mit hoher Pr\u00e4zision im idealen Zusammenspiel von Mensch und Maschine, in einem starken Team. Feste Werte geben Orientierung.\" \/>\n<script type=\"application\/ld+json\" class=\"yoast-schema-graph\">{\"@context\":\"https:\/\/schema.org\",\"@graph\":[{\"@type\":\"WebPage\",\"@id\":\"https:\/\/www.technosert.com\/en\/company\/values\/\",\"url\":\"https:\/\/www.technosert.com\/en\/company\/values\/\",\"name\":\"technosert \u2013 an Electronics Service Provider with Clear Values\",\"isPartOf\":{\"@id\":\"https:\/\/www.technosert.com\/#website\"},\"datePublished\":\"2021-04-09T04:37:05+00:00\",\"dateModified\":\"2021-12-22T14:36:23+00:00\",\"description\":\"technosert delivers custom-tailored EMS solutions for electronic modules with a high level of precision through the perfect interaction between man and machine.\",\"breadcrumb\":{\"@id\":\"https:\/\/www.technosert.com\/en\/company\/values\/#breadcrumb\"},\"inLanguage\":\"en-US\",\"potentialAction\":[{\"@type\":\"ReadAction\",\"target\":[\"https:\/\/www.technosert.com\/en\/company\/values\/\"]}]},{\"@type\":\"BreadcrumbList\",\"@id\":\"https:\/\/www.technosert.com\/en\/company\/values\/#breadcrumb\",\"itemListElement\":[{\"@type\":\"ListItem\",\"position\":1,\"name\":\"Startseite\",\"item\":\"https:\/\/www.technosert.com\/en\/\"},{\"@type\":\"ListItem\",\"position\":2,\"name\":\"Company\",\"item\":\"https:\/\/www.technosert.com\/en\/company\/\"},{\"@type\":\"ListItem\",\"position\":3,\"name\":\"Values\"}]},{\"@type\":\"WebSite\",\"@id\":\"https:\/\/www.technosert.com\/#website\",\"url\":\"https:\/\/www.technosert.com\/\",\"name\":\"technosert electronic GmbH\",\"description\":\"\",\"potentialAction\":[{\"@type\":\"SearchAction\",\"target\":{\"@type\":\"EntryPoint\",\"urlTemplate\":\"https:\/\/www.technosert.com\/?s={search_term_string}\"},\"query-input\":{\"@type\":\"PropertyValueSpecification\",\"valueRequired\":true,\"valueName\":\"search_term_string\"}}],\"inLanguage\":\"en-US\"}]}<\/script>\n<!-- \/ Yoast SEO plugin. -->","yoast_head_json":{"title":"technosert \u2013 an Electronics Service Provider with Clear Values","description":"technosert delivers custom-tailored EMS solutions for electronic modules with a high level of precision through the perfect interaction between man and machine.","canonical":"https:\/\/www.technosert.com\/en\/company\/values\/","og_locale":"en_US","og_type":"article","og_title":"Technosert \u2013 Elektronikdienstleister mit klaren Werten","og_description":"Technosert liefert ma\u00dfgeschneiderte EMS-L\u00f6sungen f\u00fcr Baugruppen mit hoher Pr\u00e4zision im idealen Zusammenspiel von Mensch und Maschine, in einem starken Team. Feste Werte geben Orientierung.","og_url":"https:\/\/www.technosert.com\/en\/company\/values\/","og_site_name":"technosert electronic GmbH","article_modified_time":"2021-12-22T14:36:23+00:00","twitter_card":"summary_large_image","twitter_title":"Technosert \u2013 Elektronikdienstleister mit klaren Werten","twitter_description":"Technosert liefert ma\u00dfgeschneiderte EMS-L\u00f6sungen f\u00fcr Baugruppen mit hoher Pr\u00e4zision im idealen Zusammenspiel von Mensch und Maschine, in einem starken Team. Feste Werte geben Orientierung.","schema":{"@context":"https:\/\/schema.org","@graph":[{"@type":"WebPage","@id":"https:\/\/www.technosert.com\/en\/company\/values\/","url":"https:\/\/www.technosert.com\/en\/company\/values\/","name":"technosert \u2013 an Electronics Service Provider with Clear Values","isPartOf":{"@id":"https:\/\/www.technosert.com\/#website"},"datePublished":"2021-04-09T04:37:05+00:00","dateModified":"2021-12-22T14:36:23+00:00","description":"technosert delivers custom-tailored EMS solutions for electronic modules with a high level of precision through the perfect interaction between man and machine.","breadcrumb":{"@id":"https:\/\/www.technosert.com\/en\/company\/values\/#breadcrumb"},"inLanguage":"en-US","potentialAction":[{"@type":"ReadAction","target":["https:\/\/www.technosert.com\/en\/company\/values\/"]}]},{"@type":"BreadcrumbList","@id":"https:\/\/www.technosert.com\/en\/company\/values\/#breadcrumb","itemListElement":[{"@type":"ListItem","position":1,"name":"Startseite","item":"https:\/\/www.technosert.com\/en\/"},{"@type":"ListItem","position":2,"name":"Company","item":"https:\/\/www.technosert.com\/en\/company\/"},{"@type":"ListItem","position":3,"name":"Values"}]},{"@type":"WebSite","@id":"https:\/\/www.technosert.com\/#website","url":"https:\/\/www.technosert.com\/","name":"technosert electronic GmbH","description":"","potentialAction":[{"@type":"SearchAction","target":{"@type":"EntryPoint","urlTemplate":"https:\/\/www.technosert.com\/?s={search_term_string}"},"query-input":{"@type":"PropertyValueSpecification","valueRequired":true,"valueName":"search_term_string"}}],"inLanguage":"en-US"}]}},"_links":{"self":[{"href":"https:\/\/www.technosert.com\/en\/wp-json\/wp\/v2\/pages\/5248","targetHints":{"allow":["GET"]}}],"collection":[{"href":"https:\/\/www.technosert.com\/en\/wp-json\/wp\/v2\/pages"}],"about":[{"href":"https:\/\/www.technosert.com\/en\/wp-json\/wp\/v2\/types\/page"}],"author":[{"embeddable":true,"href":"https:\/\/www.technosert.com\/en\/wp-json\/wp\/v2\/users\/28"}],"replies":[{"embeddable":true,"href":"https:\/\/www.technosert.com\/en\/wp-json\/wp\/v2\/comments?post=5248"}],"version-history":[{"count":5,"href":"https:\/\/www.technosert.com\/en\/wp-json\/wp\/v2\/pages\/5248\/revisions"}],"predecessor-version":[{"id":5476,"href":"https:\/\/www.technosert.com\/en\/wp-json\/wp\/v2\/pages\/5248\/revisions\/5476"}],"up":[{"embeddable":true,"href":"https:\/\/www.technosert.com\/en\/wp-json\/wp\/v2\/pages\/5218"}],"wp:attachment":[{"href":"https:\/\/www.technosert.com\/en\/wp-json\/wp\/v2\/media?parent=5248"}],"curies":[{"name":"wp","href":"https:\/\/api.w.org\/{rel}","templated":true}]}}