{"id":5218,"date":"2021-04-09T06:34:48","date_gmt":"2021-04-09T04:34:48","guid":{"rendered":"https:\/\/www.technosert.com\/unternehmen\/"},"modified":"2021-12-22T15:25:46","modified_gmt":"2021-12-22T14:25:46","slug":"company","status":"publish","type":"page","link":"https:\/\/www.technosert.com\/en\/company\/","title":{"rendered":"Company"},"content":{"rendered":"\n\n\n\n\n\n\n\n\n\n\n\n\n\n\n\n\n\n\n\n\n\n\n\n\n\n\n\n\n\n\n                    \n            <div class=\"ce ce-text\n         ce--mb-small                                 \"\n             id=\"block_60be2262d7a3c\">\n                                    <div class=\"container-fluid\">\n                                <div class=\"row\">\n                    <div class=\"col-12 col-md-12 col-xl-10 mx-auto text-left\">\n                        <div class=\"ce-textblock\" data-aos=\"fade-up\" data-aos-duration=\"300\">\n    <div class=\"ce-textblock__text\">\n                     <h2 class=\"\"> Think smarter electronics. Think Technosert. <\/h2>\n                        <p>Our customers\u2019 products contribute toward people\u2019s comfort and peace of mind. And our electronic modules play a small, but important part in this.<\/p>\n<p>Quality, flexibility, reliability and the optimal combination of competent employees and cutting-edge technology are our hallmarks. As a medium-sized company, this makes us an internationally recognized EMS service provider and PCB assembler, our main focus being on manufacturing small and medium-sized lots.<\/p>\n\n    <\/div>\n<\/div>                    <\/div>\n                <\/div>\n                            <\/div>\n                    <\/div>\n    \n        \n\n\n\n\n\n\n\n\n\n\n\n\n\n\n\n\n\n\n\n\n\n\n\n\n\n\n\n\n\n\n\n\n\n            \n        \n                    <div class=\"ce ce-cols ce-cols--2\n         ce--mb-small                  ce--contrast          ce--sp-standard          ce--full\n             js-bgcontainer u-bg-cc  \"\n                 id=\"block_60be22ded7a3d\">\n                                    <figure>\n    <picture>\n        <source media=\"(min-width: 1440px)\" srcset=\"https:\/\/www.technosert.com\/wp-content\/uploads\/2021\/04\/Box_background_ems-1920x0-c-default.png\">\n        <source media=\"(min-width: 1200px)\" srcset=\"https:\/\/www.technosert.com\/wp-content\/uploads\/2021\/04\/Box_background_ems-1440x0-c-default.png\">\n        <source media=\"(min-width: 992px)\" srcset=\"https:\/\/www.technosert.com\/wp-content\/uploads\/2021\/04\/Box_background_ems-1200x0-c-default.png\">\n        <source media=\"(min-width: 768px)\" srcset=\"https:\/\/www.technosert.com\/wp-content\/uploads\/2021\/04\/Box_background_ems-992x0-c-default.png\">\n        <source media=\"(min-width: 576px)\" srcset=\"https:\/\/www.technosert.com\/wp-content\/uploads\/2021\/04\/Box_background_ems-768x0-c-default.png\">\n        <source media=\"(min-width: 320px)\" srcset=\"https:\/\/www.technosert.com\/wp-content\/uploads\/2021\/04\/Box_background_ems-576x0-c-default.png\">\n        <source srcset=\"https:\/\/www.technosert.com\/wp-content\/uploads\/2021\/04\/Box_background_ems-320x0-c-default.png\">\n        <img loading=\"lazy\" decoding=\"async\" src=\"https:\/\/www.technosert.com\/wp-content\/uploads\/2021\/04\/Box_background_ems-1440x0-c-default.png\" width=\"1920\" height=\"741\" class=\"img-fluid w-100 js-bgimage\">\n    <\/picture>\n<\/figure>\n                                <div class=\"container-fluid\">\n                                        <div class=\"row\">\n                        <div class=\"col-12 col-lg-6 \">\n                            <!--HIER DIE SCHLEIFE MIT DEM CONTENT SPALTE 1-->\n                                                                                                                            \n\n\n\n\n\n\n\n\n\n\n\n\n\n\n\n\n\n\n\n\n\n\n\n\n\n\n\n\n\n                                            \n        \n        \n        \n    \n\n                    \n    \n        \n        \n            \n        \n                \n                \n    \n        \n    \n                                                                                         \n            <div class=\"ce ce-textimage\n                                                            ce--no-bg\n        \"\n             id=\"block_60be22ded7a3d\">\n                                        <div class=\"row\">\n                    <div\n                        class=\"ce-textimage__text col-12 col-md-12 col-xl-12   order-1 col-12\">\n                        <div class=\"ce-textblock\" data-aos=\"fade-up\" data-aos-duration=\"300\">\n    <div class=\"ce-textblock__text\">\n                     <h2 class=\"h3\"> 100% Electronics Service Provider <\/h2>\n                        <p>We do not make our own products, but act exclusively in the interest of our customers and accompany their products throughout their entire lifecycle \u2013 from layout optimization and prototyping to series production, and through to modifications and repairs.<\/p>\n\n    <\/div>\n<\/div>                    <\/div>\n                    <div\n                        class=\"ce-textimage__image col-12 col-md-12 col-xl-12 col-12 order-0\">\n                        <figure class=\"\"  data-aos=\"fade-up\" data-aos-duration=\"300\" >\n                                                                                            <picture>\n                                                                                \n                                            \n                                                                                                                                                                                \n                                            <source media=\"(min-width: 1600px)\" srcset=\"https:\/\/www.technosert.com\/wp-content\/uploads\/2021\/06\/Service-modifikation_760x400px-1600x0-c-default.jpg\">\n                                            <source media=\"(min-width: 1200px)\" srcset=\"https:\/\/www.technosert.com\/wp-content\/uploads\/2021\/06\/Service-modifikation_760x400px-1600x0-c-default.jpg\">\n                                            <source media=\"(min-width: 992px)\" srcset=\"https:\/\/www.technosert.com\/wp-content\/uploads\/2021\/06\/Service-modifikation_760x400px-992x0-c-default.jpg\">\n                                            <source media=\"(min-width: 768px)\" srcset=\"https:\/\/www.technosert.com\/wp-content\/uploads\/2021\/06\/Service-modifikation_760x400px-992x0-c-default.jpg\">\n                                            <source media=\"(min-width: 576px)\" srcset=\"https:\/\/www.technosert.com\/wp-content\/uploads\/2021\/06\/Service-modifikation_760x400px-576x0-c-default.jpg\">\n                                            <source media=\"(min-width: 320px)\" srcset=\"https:\/\/www.technosert.com\/wp-content\/uploads\/2021\/06\/Service-modifikation_760x400px-576x0-c-default.jpg\">\n                                        <source srcset=\"https:\/\/www.technosert.com\/wp-content\/uploads\/2021\/06\/Service-modifikation_760x400px-320x0-c-default.jpg\">\n                                            <img loading=\"lazy\" decoding=\"async\" src=\"https:\/\/www.technosert.com\/wp-content\/uploads\/2021\/06\/Service-modifikation_760x400px-1600x0-c-default.jpg\" alt=\"Der EMS-Dienstleisters technosert bietet schnell und zuverl\u00e4ssig die Modifikation von elektronischen Baugruppen\" title=\"\"\n                                             width=\"760\" height=\"400\"\n                                             class=\"img-fluid w-100\">\n                                                                    <\/picture>\n                            \n                                                    <\/figure>\n                    <\/div>\n                <\/div>\n                        <\/div>\n    \n                                                                    \n                        <\/div>\n                        <div class=\"col-12 col-lg-6 \">\n                            <!--HIER DIE SCHLEIFE MIT DEM CONTENT SPALTE 2-->\n                                                                                                                            \n\n\n\n\n\n\n\n\n\n\n\n\n\n\n\n\n\n\n\n\n\n\n\n\n\n\n\n\n\n                                            \n        \n        \n        \n    \n\n                    \n    \n        \n        \n            \n        \n                \n                \n    \n        \n    \n                                                                                         \n            <div class=\"ce ce-textimage\n                                                            ce--no-bg\n        \"\n             id=\"block_60be22ded7a3d\">\n                                        <div class=\"row\">\n                    <div\n                        class=\"ce-textimage__text col-12 col-md-12 col-xl-12   order-1 col-12\">\n                        <div class=\"ce-textblock\" data-aos=\"fade-up\" data-aos-duration=\"300\">\n    <div class=\"ce-textblock__text\">\n                     <h2 class=\"h3\"> 100% Customer-Focused <\/h2>\n                        <p>Our mission is to contribute to our customers\u2019 success and to the success of their products. We are the go-to partner in demanding sectors such as energy and mobility, housing and health, construction and agricultural technology. With our expertise and experience and our continuous improvement culture, we meet all your current and future expectations.<\/p>\n\n    <\/div>\n<\/div>                    <\/div>\n                    <div\n                        class=\"ce-textimage__image col-12 col-md-12 col-xl-12 col-12 order-0\">\n                        <figure class=\"\"  data-aos=\"fade-up\" data-aos-duration=\"300\" >\n                                                                                            <picture>\n                                                                                \n                                            \n                                                                                                                                                                                \n                                            <source media=\"(min-width: 1600px)\" srcset=\"https:\/\/www.technosert.com\/wp-content\/uploads\/2021\/06\/Unternehmen_Arbeitgeber_760x400px-1600x0-c-default.jpg\">\n                                            <source media=\"(min-width: 1200px)\" srcset=\"https:\/\/www.technosert.com\/wp-content\/uploads\/2021\/06\/Unternehmen_Arbeitgeber_760x400px-1600x0-c-default.jpg\">\n                                            <source media=\"(min-width: 992px)\" srcset=\"https:\/\/www.technosert.com\/wp-content\/uploads\/2021\/06\/Unternehmen_Arbeitgeber_760x400px-992x0-c-default.jpg\">\n                                            <source media=\"(min-width: 768px)\" srcset=\"https:\/\/www.technosert.com\/wp-content\/uploads\/2021\/06\/Unternehmen_Arbeitgeber_760x400px-992x0-c-default.jpg\">\n                                            <source media=\"(min-width: 576px)\" srcset=\"https:\/\/www.technosert.com\/wp-content\/uploads\/2021\/06\/Unternehmen_Arbeitgeber_760x400px-576x0-c-default.jpg\">\n                                            <source media=\"(min-width: 320px)\" srcset=\"https:\/\/www.technosert.com\/wp-content\/uploads\/2021\/06\/Unternehmen_Arbeitgeber_760x400px-576x0-c-default.jpg\">\n                                        <source srcset=\"https:\/\/www.technosert.com\/wp-content\/uploads\/2021\/06\/Unternehmen_Arbeitgeber_760x400px-320x0-c-default.jpg\">\n                                            <img loading=\"lazy\" decoding=\"async\" src=\"https:\/\/www.technosert.com\/wp-content\/uploads\/2021\/06\/Unternehmen_Arbeitgeber_760x400px-1600x0-c-default.jpg\" alt=\"EMS-Dienstleister Technosert ist als Arbeitgeber a good place to work\" title=\"\"\n                                             width=\"760\" height=\"400\"\n                                             class=\"img-fluid w-100\">\n                                                                    <\/picture>\n                            \n                                                    <\/figure>\n                    <\/div>\n                <\/div>\n                        <\/div>\n    \n                                                                                            <\/div>\n                    <\/div>\n                <\/div>\n            <\/div>\n                        ","protected":false},"excerpt":{"rendered":"","protected":false},"author":28,"featured_media":0,"parent":0,"menu_order":0,"comment_status":"closed","ping_status":"closed","template":"","meta":{"_acf_changed":false,"footnotes":""},"class_list":["post-5218","page","type-page","status-publish","hentry"],"acf":[],"yoast_head":"<!-- This site is optimized with the Yoast SEO plugin v27.5 - https:\/\/yoast.com\/product\/yoast-seo-wordpress\/ -->\n<title>A Company Setting the Standards in EMS<\/title>\n<meta name=\"description\" content=\"100% customer orientation is the hallmark of EMS provider technosert. The focus is on the production of small and medium-sized series.\" \/>\n<link rel=\"canonical\" href=\"https:\/\/www.technosert.com\/en\/company\/\" \/>\n<meta property=\"og:locale\" content=\"en_US\" \/>\n<meta property=\"og:type\" content=\"article\" \/>\n<meta property=\"og:title\" content=\"Technosert \u2013 ein Unternehmen, das bei EMS Ma\u00dfst\u00e4be setzt\" \/>\n<meta property=\"og:description\" content=\"100 % Kundenorientierung ist das Kennzeichen des EMS-Dienstleisters und Leiterplattenbest\u00fcckers Technosert. Der Fokus auf der Fertigung von Klein- und Mittelserien.\" \/>\n<meta property=\"og:url\" content=\"https:\/\/www.technosert.com\/en\/company\/\" \/>\n<meta property=\"og:site_name\" content=\"technosert electronic GmbH\" \/>\n<meta property=\"article:modified_time\" content=\"2021-12-22T14:25:46+00:00\" \/>\n<meta name=\"twitter:card\" content=\"summary_large_image\" \/>\n<meta name=\"twitter:title\" content=\"Technosert \u2013 ein Unternehmen, das bei EMS Ma\u00dfst\u00e4be setzt\" \/>\n<meta name=\"twitter:description\" content=\"100 % Kundenorientierung ist das Kennzeichen des EMS-Dienstleisters und Leiterplattenbest\u00fcckers Technosert. Der Fokus auf der Fertigung von Klein- und Mittelserien.\" \/>\n<script type=\"application\/ld+json\" class=\"yoast-schema-graph\">{\"@context\":\"https:\\\/\\\/schema.org\",\"@graph\":[{\"@type\":\"WebPage\",\"@id\":\"https:\\\/\\\/www.technosert.com\\\/en\\\/company\\\/\",\"url\":\"https:\\\/\\\/www.technosert.com\\\/en\\\/company\\\/\",\"name\":\"A Company Setting the Standards in EMS\",\"isPartOf\":{\"@id\":\"https:\\\/\\\/www.technosert.com\\\/#website\"},\"datePublished\":\"2021-04-09T04:34:48+00:00\",\"dateModified\":\"2021-12-22T14:25:46+00:00\",\"description\":\"100% customer orientation is the hallmark of EMS provider technosert. The focus is on the production of small and medium-sized series.\",\"breadcrumb\":{\"@id\":\"https:\\\/\\\/www.technosert.com\\\/en\\\/company\\\/#breadcrumb\"},\"inLanguage\":\"en-US\",\"potentialAction\":[{\"@type\":\"ReadAction\",\"target\":[\"https:\\\/\\\/www.technosert.com\\\/en\\\/company\\\/\"]}]},{\"@type\":\"BreadcrumbList\",\"@id\":\"https:\\\/\\\/www.technosert.com\\\/en\\\/company\\\/#breadcrumb\",\"itemListElement\":[{\"@type\":\"ListItem\",\"position\":1,\"name\":\"Startseite\",\"item\":\"https:\\\/\\\/www.technosert.com\\\/en\\\/\"},{\"@type\":\"ListItem\",\"position\":2,\"name\":\"Company\"}]},{\"@type\":\"WebSite\",\"@id\":\"https:\\\/\\\/www.technosert.com\\\/#website\",\"url\":\"https:\\\/\\\/www.technosert.com\\\/\",\"name\":\"technosert electronic GmbH\",\"description\":\"\",\"potentialAction\":[{\"@type\":\"SearchAction\",\"target\":{\"@type\":\"EntryPoint\",\"urlTemplate\":\"https:\\\/\\\/www.technosert.com\\\/?s={search_term_string}\"},\"query-input\":{\"@type\":\"PropertyValueSpecification\",\"valueRequired\":true,\"valueName\":\"search_term_string\"}}],\"inLanguage\":\"en-US\"}]}<\/script>\n<!-- \/ Yoast SEO plugin. -->","yoast_head_json":{"title":"A Company Setting the Standards in EMS","description":"100% customer orientation is the hallmark of EMS provider technosert. The focus is on the production of small and medium-sized series.","canonical":"https:\/\/www.technosert.com\/en\/company\/","og_locale":"en_US","og_type":"article","og_title":"Technosert \u2013 ein Unternehmen, das bei EMS Ma\u00dfst\u00e4be setzt","og_description":"100 % Kundenorientierung ist das Kennzeichen des EMS-Dienstleisters und Leiterplattenbest\u00fcckers Technosert. Der Fokus auf der Fertigung von Klein- und Mittelserien.","og_url":"https:\/\/www.technosert.com\/en\/company\/","og_site_name":"technosert electronic GmbH","article_modified_time":"2021-12-22T14:25:46+00:00","twitter_card":"summary_large_image","twitter_title":"Technosert \u2013 ein Unternehmen, das bei EMS Ma\u00dfst\u00e4be setzt","twitter_description":"100 % Kundenorientierung ist das Kennzeichen des EMS-Dienstleisters und Leiterplattenbest\u00fcckers Technosert. Der Fokus auf der Fertigung von Klein- und Mittelserien.","schema":{"@context":"https:\/\/schema.org","@graph":[{"@type":"WebPage","@id":"https:\/\/www.technosert.com\/en\/company\/","url":"https:\/\/www.technosert.com\/en\/company\/","name":"A Company Setting the Standards in EMS","isPartOf":{"@id":"https:\/\/www.technosert.com\/#website"},"datePublished":"2021-04-09T04:34:48+00:00","dateModified":"2021-12-22T14:25:46+00:00","description":"100% customer orientation is the hallmark of EMS provider technosert. The focus is on the production of small and medium-sized series.","breadcrumb":{"@id":"https:\/\/www.technosert.com\/en\/company\/#breadcrumb"},"inLanguage":"en-US","potentialAction":[{"@type":"ReadAction","target":["https:\/\/www.technosert.com\/en\/company\/"]}]},{"@type":"BreadcrumbList","@id":"https:\/\/www.technosert.com\/en\/company\/#breadcrumb","itemListElement":[{"@type":"ListItem","position":1,"name":"Startseite","item":"https:\/\/www.technosert.com\/en\/"},{"@type":"ListItem","position":2,"name":"Company"}]},{"@type":"WebSite","@id":"https:\/\/www.technosert.com\/#website","url":"https:\/\/www.technosert.com\/","name":"technosert electronic GmbH","description":"","potentialAction":[{"@type":"SearchAction","target":{"@type":"EntryPoint","urlTemplate":"https:\/\/www.technosert.com\/?s={search_term_string}"},"query-input":{"@type":"PropertyValueSpecification","valueRequired":true,"valueName":"search_term_string"}}],"inLanguage":"en-US"}]}},"_links":{"self":[{"href":"https:\/\/www.technosert.com\/en\/wp-json\/wp\/v2\/pages\/5218","targetHints":{"allow":["GET"]}}],"collection":[{"href":"https:\/\/www.technosert.com\/en\/wp-json\/wp\/v2\/pages"}],"about":[{"href":"https:\/\/www.technosert.com\/en\/wp-json\/wp\/v2\/types\/page"}],"author":[{"embeddable":true,"href":"https:\/\/www.technosert.com\/en\/wp-json\/wp\/v2\/users\/28"}],"replies":[{"embeddable":true,"href":"https:\/\/www.technosert.com\/en\/wp-json\/wp\/v2\/comments?post=5218"}],"version-history":[{"count":5,"href":"https:\/\/www.technosert.com\/en\/wp-json\/wp\/v2\/pages\/5218\/revisions"}],"predecessor-version":[{"id":5462,"href":"https:\/\/www.technosert.com\/en\/wp-json\/wp\/v2\/pages\/5218\/revisions\/5462"}],"wp:attachment":[{"href":"https:\/\/www.technosert.com\/en\/wp-json\/wp\/v2\/media?parent=5218"}],"curies":[{"name":"wp","href":"https:\/\/api.w.org\/{rel}","templated":true}]}}