{"id":5210,"date":"2021-06-16T08:22:00","date_gmt":"2021-06-16T06:22:00","guid":{"rendered":"https:\/\/www.technosert.com\/arbeiten-bei-uns\/technosert-als-arbeitgeber\/"},"modified":"2021-12-22T15:29:48","modified_gmt":"2021-12-22T14:29:48","slug":"technosert-as-employer","status":"publish","type":"page","link":"https:\/\/www.technosert.com\/en\/company\/working-at-technosert\/technosert-as-employer\/","title":{"rendered":"Technosert as Employer"},"content":{"rendered":"\n\n\n\n\n\n\n\n\n\n\n\n\n\n\n\n\n\n\n\n\n\n\n\n\n\n\n\n\n\n\n                    \n            <div class=\"ce ce-text\n         ce--mb-small                                 \"\n             id=\"block_60c99709a48ba\">\n                                    <div class=\"container-fluid\">\n                                <div class=\"row\">\n                    <div class=\"col-12 col-md-12 col-xl-10 mx-auto text-left\">\n                        <div class=\"ce-textblock\" data-aos=\"fade-up\" data-aos-duration=\"300\">\n    <div class=\"ce-textblock__text\">\n                     <h2 class=\"\"> A good place to work <\/h2>\n                        <p>We create value for our customers. To do so, appreciation for our employees is the foundation we build on. As a mid-sized EMS company, we offer you a pleasant, family-like work climate. And, as a forward-looking business enterprise, we offer you a modern work environment. Obviously, our tasks and work processes require expertise and dedication, but we also put a lot of effort into caring for our employees and into making sure that they enjoy working at technosert.<\/p>\n\n    <\/div>\n<\/div>                    <\/div>\n                <\/div>\n                            <\/div>\n                    <\/div>\n    \n        \n\n\n\n\n\n\n\n\n\n\n\n\n\n\n\n\n\n\n\n\n\n\n\n\n\n\n\n\n\n\n\n\n                    \n            <div class=\"ce ce-text\n         ce--mb-small                                 \"\n             id=\"block_60c99735a48bb\">\n                                    <div class=\"container-fluid\">\n                                <div class=\"row\">\n                    <div class=\"col-12 col-md-12 col-xl-10 mx-auto text-left\">\n                        <div class=\"ce-textblock\" data-aos=\"fade-up\" data-aos-duration=\"300\">\n    <div class=\"ce-textblock__text\">\n                     <h3 class=\"h3\"> Work, Career &#038; Health  <\/h3>\n                        <ul>\n<li>ergonomic workplaces<\/li>\n<li>individually attuned training and upskilling programs<\/li>\n<li><a href=\"https:\/\/www.technosert.com\/en\/unternehmen\/arbeiten-bei-uns\/technosert-akademie\/\">Technosert Academy<\/a><\/li>\n<li>transparent career planning\/meetings<\/li>\n<li>equal opportunities and equal pay for women and men<\/li>\n<li>special promotional programs for women in technical professions<\/li>\n<li>comprehensive health management (occupational health physician, company psychologist, vaccinations, eyesight tests, etc.)<\/li>\n<\/ul>\n\n    <\/div>\n<\/div>                    <\/div>\n                <\/div>\n                            <\/div>\n                    <\/div>\n    \n        \n\n\n\n\n\n\n\n\n\n\n\n\n\n\n\n\n\n\n\n\n\n\n\n\n\n\n\n\n\n\n\n\n                    \n            <div class=\"ce ce-text\n         ce--mb-small          ce--contrast                  ce--sp-small          ce--full\n             js-bgcontainer u-bg-cc  \"\n             id=\"block_60c99792a48bc\">\n                            <figure>\n    <picture>\n        <source media=\"(min-width: 1440px)\" srcset=\"https:\/\/www.technosert.com\/wp-content\/uploads\/2021\/06\/Flaeche_Hellgrau-1920x0-c-default.jpg\">\n        <source media=\"(min-width: 1200px)\" srcset=\"https:\/\/www.technosert.com\/wp-content\/uploads\/2021\/06\/Flaeche_Hellgrau-1440x0-c-default.jpg\">\n        <source media=\"(min-width: 992px)\" srcset=\"https:\/\/www.technosert.com\/wp-content\/uploads\/2021\/06\/Flaeche_Hellgrau-1200x0-c-default.jpg\">\n        <source media=\"(min-width: 768px)\" srcset=\"https:\/\/www.technosert.com\/wp-content\/uploads\/2021\/06\/Flaeche_Hellgrau-992x0-c-default.jpg\">\n        <source media=\"(min-width: 576px)\" srcset=\"https:\/\/www.technosert.com\/wp-content\/uploads\/2021\/06\/Flaeche_Hellgrau-768x0-c-default.jpg\">\n        <source media=\"(min-width: 320px)\" srcset=\"https:\/\/www.technosert.com\/wp-content\/uploads\/2021\/06\/Flaeche_Hellgrau-576x0-c-default.jpg\">\n        <source srcset=\"https:\/\/www.technosert.com\/wp-content\/uploads\/2021\/06\/Flaeche_Hellgrau-320x0-c-default.jpg\">\n        <img loading=\"lazy\" decoding=\"async\" src=\"https:\/\/www.technosert.com\/wp-content\/uploads\/2021\/06\/Flaeche_Hellgrau-1440x0-c-default.jpg\" width=\"1920\" height=\"1158\" class=\"img-fluid w-100 js-bgimage\">\n    <\/picture>\n<\/figure>\n                <div class=\"ce-text__gradient ce-text__gradient--center js-gradient\"><\/div>\n                <div class=\"ce-text__gradient--base\"><\/div>\n                                    <div class=\"container-fluid\">\n                                <div class=\"row\">\n                    <div class=\"col-12 col-md-12 col-xl-10 mx-auto text-left\">\n                        <div class=\"ce-textblock\" data-aos=\"fade-up\" data-aos-duration=\"300\">\n    <div class=\"ce-textblock__text\">\n                     <h3 class=\"h3\"> Events, Team Building &#038; Socializing  <\/h3>\n                        <ul>\n<li>outings<\/li>\n<li>skiing day<\/li>\n<li>climbing<\/li>\n<li>bowling<\/li>\n<li>Christmas party<\/li>\n<\/ul>\n\n    <\/div>\n<\/div>                    <\/div>\n                <\/div>\n                            <\/div>\n                    <\/div>\n    \n        \n\n\n\n\n\n\n\n\n\n\n\n\n\n\n\n\n\n\n\n\n\n\n\n\n\n\n\n\n\n\n\n\n                    \n            <div class=\"ce ce-text\n         ce--mb-standard                                 \"\n             id=\"block_60c99805a48bd\">\n                                    <div class=\"container-fluid\">\n                                <div class=\"row\">\n                    <div class=\"col-12 col-md-12 col-xl-10 mx-auto text-left\">\n                        <div class=\"ce-textblock\" data-aos=\"fade-up\" data-aos-duration=\"300\">\n    <div class=\"ce-textblock__text\">\n                     <h3 class=\"h3\"> Environment &#038; Infrastructure  <\/h3>\n                        <ul>\n<li>good accessibility by public transport<\/li>\n<li>employee parking<\/li>\n<li>lounge areas<\/li>\n<li>kitchen<\/li>\n<\/ul>\n\n    <\/div>\n<\/div>                    <\/div>\n                <\/div>\n                            <\/div>\n                    <\/div>\n    \n        \n\n\n\n\n\n\n\n\n\n\n\n\n\n\n\n\n\n\n\n\n\n\n\n\n\n\n\n\n\n\n\n\n                    \n            <div class=\"ce ce-text\n         ce--mb-standard                                 \"\n             id=\"block_60d570b3e2bab\">\n                                    <div class=\"container-fluid\">\n                                <div class=\"row\">\n                    <div class=\"col-12 col-md-12 col-xl-12 mx-auto text-center\">\n                        <div class=\"ce-textblock\" data-aos=\"fade-up\" data-aos-duration=\"300\">\n    <div class=\"ce-textblock__text\">\n                        <p><a class=\"btn btn--primary\" href=\"https:\/\/www.technosert.com\/unternehmen\/arbeiten-bei-uns\/aktuelle-stellenangebote\/\">Current Job Vacancies<\/a><\/p>\n\n    <\/div>\n<\/div>                    <\/div>\n                <\/div>\n                            <\/div>\n                    <\/div>\n    \n        ","protected":false},"excerpt":{"rendered":"","protected":false},"author":28,"featured_media":0,"parent":5112,"menu_order":0,"comment_status":"closed","ping_status":"closed","template":"","meta":{"_acf_changed":false,"footnotes":""},"class_list":["post-5210","page","type-page","status-publish","hentry"],"acf":[],"yoast_head":"<!-- This site is optimized with the Yoast SEO plugin v27.5 - https:\/\/yoast.com\/product\/yoast-seo-wordpress\/ -->\n<title>EMS Provider technosert as an Employer<\/title>\n<meta name=\"description\" content=\"As an employer, EMS provider technosert offers a pleasant, family-like working climate and various perks and benefits.\" \/>\n<link rel=\"canonical\" href=\"https:\/\/www.technosert.com\/en\/company\/working-at-technosert\/technosert-as-employer\/\" \/>\n<meta property=\"og:locale\" content=\"en_US\" \/>\n<meta property=\"og:type\" content=\"article\" \/>\n<meta property=\"og:title\" content=\"EMS-Dienstleister Technosert als Arbeitgeber\" \/>\n<meta property=\"og:description\" content=\"A good place to work! Als Arbeitgeber bietet das EMS-Unternehmen Technosert ein angenehmes, famili\u00e4res Betriebsklima und vielf\u00e4ltige F\u00f6rderungen und Leistungen.\" \/>\n<meta property=\"og:url\" content=\"https:\/\/www.technosert.com\/en\/company\/working-at-technosert\/technosert-as-employer\/\" \/>\n<meta property=\"og:site_name\" content=\"technosert electronic GmbH\" \/>\n<meta property=\"article:modified_time\" content=\"2021-12-22T14:29:48+00:00\" \/>\n<meta property=\"og:image\" content=\"https:\/\/www.technosert.com\/wp-content\/uploads\/2021\/06\/Unternehmen_Arbeitgeber_760x400px.jpg\" \/>\n\t<meta property=\"og:image:width\" content=\"760\" \/>\n\t<meta property=\"og:image:height\" content=\"400\" \/>\n\t<meta property=\"og:image:type\" content=\"image\/jpeg\" \/>\n<meta name=\"twitter:card\" content=\"summary_large_image\" \/>\n<meta name=\"twitter:title\" content=\"EMS-Dienstleister Technosert als Arbeitgeber\" \/>\n<meta name=\"twitter:description\" content=\"A good place to work! Als Arbeitgeber bietet das EMS-Unternehmen Technosert ein angenehmes, famili\u00e4res Betriebsklima und vielf\u00e4ltige F\u00f6rderungen und Leistungen.\" \/>\n<meta name=\"twitter:image\" content=\"https:\/\/www.technosert.com\/wp-content\/uploads\/2021\/06\/Unternehmen_Arbeitgeber_760x400px.jpg\" \/>\n<script type=\"application\/ld+json\" class=\"yoast-schema-graph\">{\"@context\":\"https:\\\/\\\/schema.org\",\"@graph\":[{\"@type\":\"WebPage\",\"@id\":\"https:\\\/\\\/www.technosert.com\\\/en\\\/company\\\/working-at-technosert\\\/technosert-as-employer\\\/\",\"url\":\"https:\\\/\\\/www.technosert.com\\\/en\\\/company\\\/working-at-technosert\\\/technosert-as-employer\\\/\",\"name\":\"EMS Provider technosert as an Employer\",\"isPartOf\":{\"@id\":\"https:\\\/\\\/www.technosert.com\\\/#website\"},\"datePublished\":\"2021-06-16T06:22:00+00:00\",\"dateModified\":\"2021-12-22T14:29:48+00:00\",\"description\":\"As an employer, EMS provider technosert offers a pleasant, family-like working climate and various perks and benefits.\",\"breadcrumb\":{\"@id\":\"https:\\\/\\\/www.technosert.com\\\/en\\\/company\\\/working-at-technosert\\\/technosert-as-employer\\\/#breadcrumb\"},\"inLanguage\":\"en-US\",\"potentialAction\":[{\"@type\":\"ReadAction\",\"target\":[\"https:\\\/\\\/www.technosert.com\\\/en\\\/company\\\/working-at-technosert\\\/technosert-as-employer\\\/\"]}]},{\"@type\":\"BreadcrumbList\",\"@id\":\"https:\\\/\\\/www.technosert.com\\\/en\\\/company\\\/working-at-technosert\\\/technosert-as-employer\\\/#breadcrumb\",\"itemListElement\":[{\"@type\":\"ListItem\",\"position\":1,\"name\":\"Startseite\",\"item\":\"https:\\\/\\\/www.technosert.com\\\/en\\\/\"},{\"@type\":\"ListItem\",\"position\":2,\"name\":\"Company\",\"item\":\"https:\\\/\\\/www.technosert.com\\\/en\\\/company\\\/\"},{\"@type\":\"ListItem\",\"position\":3,\"name\":\"Working at technosert\",\"item\":\"https:\\\/\\\/www.technosert.com\\\/en\\\/company\\\/working-at-technosert\\\/\"},{\"@type\":\"ListItem\",\"position\":4,\"name\":\"Technosert as Employer\"}]},{\"@type\":\"WebSite\",\"@id\":\"https:\\\/\\\/www.technosert.com\\\/#website\",\"url\":\"https:\\\/\\\/www.technosert.com\\\/\",\"name\":\"technosert electronic GmbH\",\"description\":\"\",\"potentialAction\":[{\"@type\":\"SearchAction\",\"target\":{\"@type\":\"EntryPoint\",\"urlTemplate\":\"https:\\\/\\\/www.technosert.com\\\/?s={search_term_string}\"},\"query-input\":{\"@type\":\"PropertyValueSpecification\",\"valueRequired\":true,\"valueName\":\"search_term_string\"}}],\"inLanguage\":\"en-US\"}]}<\/script>\n<!-- \/ Yoast SEO plugin. -->","yoast_head_json":{"title":"EMS Provider technosert as an Employer","description":"As an employer, EMS provider technosert offers a pleasant, family-like working climate and various perks and benefits.","canonical":"https:\/\/www.technosert.com\/en\/company\/working-at-technosert\/technosert-as-employer\/","og_locale":"en_US","og_type":"article","og_title":"EMS-Dienstleister Technosert als Arbeitgeber","og_description":"A good place to work! Als Arbeitgeber bietet das EMS-Unternehmen Technosert ein angenehmes, famili\u00e4res Betriebsklima und vielf\u00e4ltige F\u00f6rderungen und Leistungen.","og_url":"https:\/\/www.technosert.com\/en\/company\/working-at-technosert\/technosert-as-employer\/","og_site_name":"technosert electronic GmbH","article_modified_time":"2021-12-22T14:29:48+00:00","og_image":[{"width":760,"height":400,"url":"https:\/\/www.technosert.com\/wp-content\/uploads\/2021\/06\/Unternehmen_Arbeitgeber_760x400px.jpg","type":"image\/jpeg"}],"twitter_card":"summary_large_image","twitter_title":"EMS-Dienstleister Technosert als Arbeitgeber","twitter_description":"A good place to work! Als Arbeitgeber bietet das EMS-Unternehmen Technosert ein angenehmes, famili\u00e4res Betriebsklima und vielf\u00e4ltige F\u00f6rderungen und Leistungen.","twitter_image":"https:\/\/www.technosert.com\/wp-content\/uploads\/2021\/06\/Unternehmen_Arbeitgeber_760x400px.jpg","schema":{"@context":"https:\/\/schema.org","@graph":[{"@type":"WebPage","@id":"https:\/\/www.technosert.com\/en\/company\/working-at-technosert\/technosert-as-employer\/","url":"https:\/\/www.technosert.com\/en\/company\/working-at-technosert\/technosert-as-employer\/","name":"EMS Provider technosert as an Employer","isPartOf":{"@id":"https:\/\/www.technosert.com\/#website"},"datePublished":"2021-06-16T06:22:00+00:00","dateModified":"2021-12-22T14:29:48+00:00","description":"As an employer, EMS provider technosert offers a pleasant, family-like working climate and various perks and benefits.","breadcrumb":{"@id":"https:\/\/www.technosert.com\/en\/company\/working-at-technosert\/technosert-as-employer\/#breadcrumb"},"inLanguage":"en-US","potentialAction":[{"@type":"ReadAction","target":["https:\/\/www.technosert.com\/en\/company\/working-at-technosert\/technosert-as-employer\/"]}]},{"@type":"BreadcrumbList","@id":"https:\/\/www.technosert.com\/en\/company\/working-at-technosert\/technosert-as-employer\/#breadcrumb","itemListElement":[{"@type":"ListItem","position":1,"name":"Startseite","item":"https:\/\/www.technosert.com\/en\/"},{"@type":"ListItem","position":2,"name":"Company","item":"https:\/\/www.technosert.com\/en\/company\/"},{"@type":"ListItem","position":3,"name":"Working at technosert","item":"https:\/\/www.technosert.com\/en\/company\/working-at-technosert\/"},{"@type":"ListItem","position":4,"name":"Technosert as Employer"}]},{"@type":"WebSite","@id":"https:\/\/www.technosert.com\/#website","url":"https:\/\/www.technosert.com\/","name":"technosert electronic GmbH","description":"","potentialAction":[{"@type":"SearchAction","target":{"@type":"EntryPoint","urlTemplate":"https:\/\/www.technosert.com\/?s={search_term_string}"},"query-input":{"@type":"PropertyValueSpecification","valueRequired":true,"valueName":"search_term_string"}}],"inLanguage":"en-US"}]}},"_links":{"self":[{"href":"https:\/\/www.technosert.com\/en\/wp-json\/wp\/v2\/pages\/5210","targetHints":{"allow":["GET"]}}],"collection":[{"href":"https:\/\/www.technosert.com\/en\/wp-json\/wp\/v2\/pages"}],"about":[{"href":"https:\/\/www.technosert.com\/en\/wp-json\/wp\/v2\/types\/page"}],"author":[{"embeddable":true,"href":"https:\/\/www.technosert.com\/en\/wp-json\/wp\/v2\/users\/28"}],"replies":[{"embeddable":true,"href":"https:\/\/www.technosert.com\/en\/wp-json\/wp\/v2\/comments?post=5210"}],"version-history":[{"count":6,"href":"https:\/\/www.technosert.com\/en\/wp-json\/wp\/v2\/pages\/5210\/revisions"}],"predecessor-version":[{"id":5324,"href":"https:\/\/www.technosert.com\/en\/wp-json\/wp\/v2\/pages\/5210\/revisions\/5324"}],"up":[{"embeddable":true,"href":"https:\/\/www.technosert.com\/en\/wp-json\/wp\/v2\/pages\/5112"}],"wp:attachment":[{"href":"https:\/\/www.technosert.com\/en\/wp-json\/wp\/v2\/media?parent=5210"}],"curies":[{"name":"wp","href":"https:\/\/api.w.org\/{rel}","templated":true}]}}