{"id":5069,"date":"2021-04-09T06:12:32","date_gmt":"2021-04-09T04:12:32","guid":{"rendered":"https:\/\/www.technosert.com\/ems-serienfertigung\/testmethoden\/"},"modified":"2022-04-27T16:04:10","modified_gmt":"2022-04-27T14:04:10","slug":"test-methods","status":"publish","type":"page","link":"https:\/\/www.technosert.com\/en\/ems-series-production\/test-methods\/","title":{"rendered":"Test Methods"},"content":{"rendered":"\n\n\n\n\n\n\n\n\n\n\n\n\n\n\n\n\n\n\n\n\n\n\n\n\n\n\n\n\n\n\n                    \n            <div class=\"ce ce-text\n         ce--mb-small                                 \"\n             id=\"block_60b770f7b2f13\">\n                                    <div class=\"container-fluid\">\n                                <div class=\"row\">\n                    <div class=\"col-12 col-md-12 col-xl-10 mx-auto text-left\">\n                        <div class=\"ce-textblock\" data-aos=\"fade-up\" data-aos-duration=\"300\">\n    <div class=\"ce-textblock__text\">\n                        <p>As an EMS provider and electronics assembler, we have one goal: perfect products. Various test methods and their efficient combination help us achieve that. We always make sure that our methods meet the current criteria. All test data are recorded in the traceability system where they undergo further processing. This also enables us to further optimize our products and lower their cost, all to the benefit of our customers.<\/p>\n\n    <\/div>\n<\/div>                    <\/div>\n                <\/div>\n                            <\/div>\n                    <\/div>\n    \n        \n\n\n\n\n\n\n\n\n\n\n\n\n\n\n\n\n\n\n\n\n\n\n\n\n\n\n\n\n\n\n\n\n        \n        \n            \n        \n                \n                \n    \n        \n    \n                                         \n            <div class=\"ce ce-textimage\n         ce--mb-small                                                     ce--no-bg\n        \"\n             id=\"xray\">\n                                    <div class=\"container-fluid\">\n                                <div class=\"row\">\n                    <div\n                        class=\"ce-textimage__text col-12 col-md-12 col-xl-6 mx-auto text-left order-1 d-flex flex-column justify-content-center\">\n                        <div class=\"ce-textblock\" data-aos=\"fade-up\" data-aos-duration=\"300\">\n    <div class=\"ce-textblock__text\">\n                     <h2 class=\"\"> X-Ray Inspection  <\/h2>\n                            <p class=\"ce-textblock__topline\">Validation of soldering results<\/p>\n                <p>For validating the soldering results, we use 2.5D x-ray inspections as the default method for both SMT and THT assembly. Especially in the case of prototypes or first series, this allows us to provide customers with feedback on the series production readiness of their electronic modules and on possible improvements.<\/p>\n\n    <\/div>\n<\/div>                    <\/div>\n                    <div\n                        class=\"ce-textimage__image col-12 col-md-12 col-xl-6 order-0 order-md-0 d-flex flex-column justify-content-center\">\n                        <figure class=\"\"  data-aos=\"fade-up\" data-aos-duration=\"300\" >\n                                                                                            <picture>\n                                                                                \n                                            \n                                                                                                                                                                                \n                                            <source media=\"(min-width: 1600px)\" srcset=\"https:\/\/www.technosert.com\/wp-content\/uploads\/2022\/04\/Testmethoden_roentgenpruefung_760x400px_25.03-800x0-c-default.jpg\">\n                                            <source media=\"(min-width: 1200px)\" srcset=\"https:\/\/www.technosert.com\/wp-content\/uploads\/2022\/04\/Testmethoden_roentgenpruefung_760x400px_25.03-800x0-c-default.jpg\">\n                                            <source media=\"(min-width: 992px)\" srcset=\"https:\/\/www.technosert.com\/wp-content\/uploads\/2022\/04\/Testmethoden_roentgenpruefung_760x400px_25.03-992x0-c-default.jpg\">\n                                            <source media=\"(min-width: 768px)\" srcset=\"https:\/\/www.technosert.com\/wp-content\/uploads\/2022\/04\/Testmethoden_roentgenpruefung_760x400px_25.03-992x0-c-default.jpg\">\n                                            <source media=\"(min-width: 576px)\" srcset=\"https:\/\/www.technosert.com\/wp-content\/uploads\/2022\/04\/Testmethoden_roentgenpruefung_760x400px_25.03-576x0-c-default.jpg\">\n                                            <source media=\"(min-width: 320px)\" srcset=\"https:\/\/www.technosert.com\/wp-content\/uploads\/2022\/04\/Testmethoden_roentgenpruefung_760x400px_25.03-576x0-c-default.jpg\">\n                                        <source srcset=\"https:\/\/www.technosert.com\/wp-content\/uploads\/2022\/04\/Testmethoden_roentgenpruefung_760x400px_25.03-320x0-c-default.jpg\">\n                                            <img loading=\"lazy\" decoding=\"async\" src=\"https:\/\/www.technosert.com\/wp-content\/uploads\/2022\/04\/Testmethoden_roentgenpruefung_760x400px_25.03-1600x0-c-default.jpg\" alt=\"\" title=\"\"\n                                             width=\"760\" height=\"400\"\n                                             class=\"img-fluid w-100\">\n                                                                    <\/picture>\n                            \n                                                    <\/figure>\n                    <\/div>\n                <\/div>\n                            <\/div>\n                    <\/div>\n    \n        \n\n\n\n\n\n\n\n\n\n\n\n\n\n\n\n\n\n\n\n\n\n\n\n\n\n\n\n\n\n\n\n\n        \n        \n            \n        \n                \n                \n    \n        \n    \n                                 \n            <div class=\"ce ce-textimage\n         ce--mb-small                          ce--sp-standard                             ce--full\n                                js-bgcontainer u-bg-cc\n                    \"\n             id=\"aoi\">\n                            <figure>\n    <picture>\n        <source media=\"(min-width: 1440px)\" srcset=\"https:\/\/www.technosert.com\/wp-content\/uploads\/2021\/06\/Flaeche_Weiss-1920x0-c-default.jpg\">\n        <source media=\"(min-width: 1200px)\" srcset=\"https:\/\/www.technosert.com\/wp-content\/uploads\/2021\/06\/Flaeche_Weiss-1440x0-c-default.jpg\">\n        <source media=\"(min-width: 992px)\" srcset=\"https:\/\/www.technosert.com\/wp-content\/uploads\/2021\/06\/Flaeche_Weiss-1200x0-c-default.jpg\">\n        <source media=\"(min-width: 768px)\" srcset=\"https:\/\/www.technosert.com\/wp-content\/uploads\/2021\/06\/Flaeche_Weiss-992x0-c-default.jpg\">\n        <source media=\"(min-width: 576px)\" srcset=\"https:\/\/www.technosert.com\/wp-content\/uploads\/2021\/06\/Flaeche_Weiss-768x0-c-default.jpg\">\n        <source media=\"(min-width: 320px)\" srcset=\"https:\/\/www.technosert.com\/wp-content\/uploads\/2021\/06\/Flaeche_Weiss-576x0-c-default.jpg\">\n        <source srcset=\"https:\/\/www.technosert.com\/wp-content\/uploads\/2021\/06\/Flaeche_Weiss-320x0-c-default.jpg\">\n        <img loading=\"lazy\" decoding=\"async\" src=\"https:\/\/www.technosert.com\/wp-content\/uploads\/2021\/06\/Flaeche_Weiss-1440x0-c-default.jpg\" width=\"1920\" height=\"1158\" class=\"img-fluid w-100 js-bgimage\">\n    <\/picture>\n<\/figure>\n                                    <div class=\"container-fluid\">\n                                <div class=\"row\">\n                    <div\n                        class=\"ce-textimage__text col-12 col-md-12 col-xl-6 mx-auto text-left order-1 order-md-0 d-flex flex-column justify-content-center\">\n                        <div class=\"ce-textblock\" data-aos=\"fade-up\" data-aos-duration=\"300\">\n    <div class=\"ce-textblock__text\">\n                     <h2 class=\"\"> AOI <\/h2>\n                            <p class=\"ce-textblock__topline\">Automatic optical inspection<\/p>\n                <p>The soldered joints of each electronic module are measured automatically with high precision using 3D technology. Any deviations detected by the machine are recorded in the traceability system for further analysis.<\/p>\n\n    <\/div>\n<\/div>                    <\/div>\n                    <div\n                        class=\"ce-textimage__image col-12 col-md-12 col-xl-6 order-0 order-md-1 d-flex flex-column justify-content-center\">\n                        <figure class=\"\"  data-aos=\"fade-up\" data-aos-duration=\"300\" >\n                                                                                            <picture>\n                                                                                \n                                            \n                                                                                                                                                                                \n                                            <source media=\"(min-width: 1600px)\" srcset=\"https:\/\/www.technosert.com\/wp-content\/uploads\/2021\/06\/Test-aoi-test_760x400px-800x0-c-default.jpg\">\n                                            <source media=\"(min-width: 1200px)\" srcset=\"https:\/\/www.technosert.com\/wp-content\/uploads\/2021\/06\/Test-aoi-test_760x400px-800x0-c-default.jpg\">\n                                            <source media=\"(min-width: 992px)\" srcset=\"https:\/\/www.technosert.com\/wp-content\/uploads\/2021\/06\/Test-aoi-test_760x400px-992x0-c-default.jpg\">\n                                            <source media=\"(min-width: 768px)\" srcset=\"https:\/\/www.technosert.com\/wp-content\/uploads\/2021\/06\/Test-aoi-test_760x400px-992x0-c-default.jpg\">\n                                            <source media=\"(min-width: 576px)\" srcset=\"https:\/\/www.technosert.com\/wp-content\/uploads\/2021\/06\/Test-aoi-test_760x400px-576x0-c-default.jpg\">\n                                            <source media=\"(min-width: 320px)\" srcset=\"https:\/\/www.technosert.com\/wp-content\/uploads\/2021\/06\/Test-aoi-test_760x400px-576x0-c-default.jpg\">\n                                        <source srcset=\"https:\/\/www.technosert.com\/wp-content\/uploads\/2021\/06\/Test-aoi-test_760x400px-320x0-c-default.jpg\">\n                                            <img loading=\"lazy\" decoding=\"async\" src=\"https:\/\/www.technosert.com\/wp-content\/uploads\/2021\/06\/Test-aoi-test_760x400px-1600x0-c-default.jpg\" alt=\"Testmethoden wie Automatische optische Inspektion (AOI) geben Sicherheit und begleiten die EMS-Serienfertigung bei Technosert\" title=\"\"\n                                             width=\"760\" height=\"400\"\n                                             class=\"img-fluid w-100\">\n                                                                    <\/picture>\n                            \n                                                    <\/figure>\n                    <\/div>\n                <\/div>\n                            <\/div>\n                    <\/div>\n    \n        \n\n\n\n\n\n\n\n\n\n\n\n\n\n\n\n\n\n\n\n\n\n\n\n\n\n\n\n\n\n\n\n\n        \n        \n            \n        \n                \n                \n    \n        \n    \n                                         \n            <div class=\"ce ce-textimage\n         ce--mb-small                                                     ce--no-bg\n        \"\n             id=\"functionaltesting\">\n                                    <div class=\"container-fluid\">\n                                <div class=\"row\">\n                    <div\n                        class=\"ce-textimage__text col-12 col-md-12 col-xl-6 mx-auto text-left order-1 d-flex flex-column justify-content-center\">\n                        <div class=\"ce-textblock\" data-aos=\"fade-up\" data-aos-duration=\"300\">\n    <div class=\"ce-textblock__text\">\n                     <h2 class=\"\"> Functional Testing  <\/h2>\n                            <p class=\"ce-textblock__topline\">With custom-tailored concepts<\/p>\n                <p>Trying out things gives you certainty as to whether or not they work. Therefore, we are happy to conduct functional tests. At our customer\u2019s request, we develop custom-tailored concepts for this purpose. Our wealth of experience helps us come up with optimal and efficient solutions.<\/p>\n\n    <\/div>\n<\/div>                    <\/div>\n                    <div\n                        class=\"ce-textimage__image col-12 col-md-12 col-xl-6 order-0 order-md-0 d-flex flex-column justify-content-center\">\n                        <figure class=\"\"  data-aos=\"fade-up\" data-aos-duration=\"300\" >\n                                                                                            <picture>\n                                                                                \n                                            \n                                                                                                                                                                                \n                                            <source media=\"(min-width: 1600px)\" srcset=\"https:\/\/www.technosert.com\/wp-content\/uploads\/2021\/06\/Test-funktionstest_760x400px-800x0-c-default.jpg\">\n                                            <source media=\"(min-width: 1200px)\" srcset=\"https:\/\/www.technosert.com\/wp-content\/uploads\/2021\/06\/Test-funktionstest_760x400px-800x0-c-default.jpg\">\n                                            <source media=\"(min-width: 992px)\" srcset=\"https:\/\/www.technosert.com\/wp-content\/uploads\/2021\/06\/Test-funktionstest_760x400px-992x0-c-default.jpg\">\n                                            <source media=\"(min-width: 768px)\" srcset=\"https:\/\/www.technosert.com\/wp-content\/uploads\/2021\/06\/Test-funktionstest_760x400px-992x0-c-default.jpg\">\n                                            <source media=\"(min-width: 576px)\" srcset=\"https:\/\/www.technosert.com\/wp-content\/uploads\/2021\/06\/Test-funktionstest_760x400px-576x0-c-default.jpg\">\n                                            <source media=\"(min-width: 320px)\" srcset=\"https:\/\/www.technosert.com\/wp-content\/uploads\/2021\/06\/Test-funktionstest_760x400px-576x0-c-default.jpg\">\n                                        <source srcset=\"https:\/\/www.technosert.com\/wp-content\/uploads\/2021\/06\/Test-funktionstest_760x400px-320x0-c-default.jpg\">\n                                            <img loading=\"lazy\" decoding=\"async\" src=\"https:\/\/www.technosert.com\/wp-content\/uploads\/2021\/06\/Test-funktionstest_760x400px-1600x0-c-default.jpg\" alt=\"Testmethoden bis zum Funktionstest geben Sicherheit und begleiten die EMS-Serienfertigung bei Technosert.\" title=\"\"\n                                             width=\"760\" height=\"400\"\n                                             class=\"img-fluid w-100\">\n                                                                    <\/picture>\n                            \n                                                    <\/figure>\n                    <\/div>\n                <\/div>\n                            <\/div>\n                    <\/div>\n    \n        ","protected":false},"excerpt":{"rendered":"","protected":false},"author":28,"featured_media":2866,"parent":5052,"menu_order":0,"comment_status":"closed","ping_status":"closed","template":"","meta":{"_acf_changed":false,"footnotes":""},"class_list":["post-5069","page","type-page","status-publish","has-post-thumbnail","hentry"],"acf":[],"yoast_head":"<!-- This site is optimized with the Yoast SEO plugin v27.5 - https:\/\/yoast.com\/product\/yoast-seo-wordpress\/ -->\n<title>State-of-the-Art Test Methods at EMS Provider technosert<\/title>\n<meta name=\"description\" content=\"In order to deliver perfect products, EMS provider and PCB assembler technosert employs state-of-the-art test methods.\" \/>\n<link rel=\"canonical\" href=\"https:\/\/www.technosert.com\/en\/ems-series-production\/test-methods\/\" \/>\n<meta property=\"og:locale\" content=\"en_US\" \/>\n<meta property=\"og:type\" content=\"article\" \/>\n<meta property=\"og:title\" content=\"Moderne Testmethoden beim EMS-Dienstleister Technosert\" \/>\n<meta property=\"og:description\" content=\"Um perfekte Produkte zu bieten, setzt der EMS-Dienstleister und Leiterplattenbest\u00fccker Technosert modernste Testmethoden ein. Das Spektrum reicht von optischer, elektrischer, R\u00f6ntgenpr\u00fcfung bis zu Funktionstests der Baugruppen.\" \/>\n<meta property=\"og:url\" content=\"https:\/\/www.technosert.com\/en\/ems-series-production\/test-methods\/\" \/>\n<meta property=\"og:site_name\" content=\"technosert electronic GmbH\" \/>\n<meta property=\"article:modified_time\" content=\"2022-04-27T14:04:10+00:00\" \/>\n<meta property=\"og:image\" content=\"https:\/\/www.technosert.com\/wp-content\/uploads\/2021\/06\/Header_Sub-Testmethoden_1920x740.jpg\" \/>\n\t<meta property=\"og:image:width\" content=\"1920\" \/>\n\t<meta property=\"og:image:height\" content=\"740\" \/>\n\t<meta property=\"og:image:type\" content=\"image\/jpeg\" \/>\n<meta name=\"twitter:card\" content=\"summary_large_image\" \/>\n<meta name=\"twitter:title\" content=\"Moderne Testmethoden beim EMS-Dienstleister Technosert\" \/>\n<meta name=\"twitter:description\" content=\"Um perfekte Produkte zu bieten, setzt der EMS-Dienstleister und Leiterplattenbest\u00fccker Technosert modernste Testmethoden ein. Das Spektrum reicht von optischer, elektrischer, R\u00f6ntgenpr\u00fcfung bis zu Funktionstests der Baugruppen.\" \/>\n<meta name=\"twitter:image\" content=\"https:\/\/www.technosert.com\/wp-content\/uploads\/2021\/06\/Header_Sub-Testmethoden_1920x740.jpg\" \/>\n<script type=\"application\/ld+json\" class=\"yoast-schema-graph\">{\"@context\":\"https:\\\/\\\/schema.org\",\"@graph\":[{\"@type\":\"WebPage\",\"@id\":\"https:\\\/\\\/www.technosert.com\\\/en\\\/ems-series-production\\\/test-methods\\\/\",\"url\":\"https:\\\/\\\/www.technosert.com\\\/en\\\/ems-series-production\\\/test-methods\\\/\",\"name\":\"State-of-the-Art Test Methods at EMS Provider technosert\",\"isPartOf\":{\"@id\":\"https:\\\/\\\/www.technosert.com\\\/#website\"},\"primaryImageOfPage\":{\"@id\":\"https:\\\/\\\/www.technosert.com\\\/en\\\/ems-series-production\\\/test-methods\\\/#primaryimage\"},\"image\":{\"@id\":\"https:\\\/\\\/www.technosert.com\\\/en\\\/ems-series-production\\\/test-methods\\\/#primaryimage\"},\"thumbnailUrl\":\"https:\\\/\\\/www.technosert.com\\\/wp-content\\\/uploads\\\/2021\\\/06\\\/Image-CaseStudies_Satellit_760x400px.jpg\",\"datePublished\":\"2021-04-09T04:12:32+00:00\",\"dateModified\":\"2022-04-27T14:04:10+00:00\",\"description\":\"In order to deliver perfect products, EMS provider and PCB assembler technosert employs state-of-the-art test methods.\",\"breadcrumb\":{\"@id\":\"https:\\\/\\\/www.technosert.com\\\/en\\\/ems-series-production\\\/test-methods\\\/#breadcrumb\"},\"inLanguage\":\"en-US\",\"potentialAction\":[{\"@type\":\"ReadAction\",\"target\":[\"https:\\\/\\\/www.technosert.com\\\/en\\\/ems-series-production\\\/test-methods\\\/\"]}]},{\"@type\":\"ImageObject\",\"inLanguage\":\"en-US\",\"@id\":\"https:\\\/\\\/www.technosert.com\\\/en\\\/ems-series-production\\\/test-methods\\\/#primaryimage\",\"url\":\"https:\\\/\\\/www.technosert.com\\\/wp-content\\\/uploads\\\/2021\\\/06\\\/Image-CaseStudies_Satellit_760x400px.jpg\",\"contentUrl\":\"https:\\\/\\\/www.technosert.com\\\/wp-content\\\/uploads\\\/2021\\\/06\\\/Image-CaseStudies_Satellit_760x400px.jpg\",\"width\":760,\"height\":400,\"caption\":\"Technosert ist der zukunftsorientierte EMS-Dienstleister f\u00fcr die Fertigung und Assemblierung von Elektronikbaugruppen\"},{\"@type\":\"BreadcrumbList\",\"@id\":\"https:\\\/\\\/www.technosert.com\\\/en\\\/ems-series-production\\\/test-methods\\\/#breadcrumb\",\"itemListElement\":[{\"@type\":\"ListItem\",\"position\":1,\"name\":\"Startseite\",\"item\":\"https:\\\/\\\/www.technosert.com\\\/en\\\/\"},{\"@type\":\"ListItem\",\"position\":2,\"name\":\"EMS &#8211; Series Production\",\"item\":\"https:\\\/\\\/www.technosert.com\\\/en\\\/ems-series-production\\\/\"},{\"@type\":\"ListItem\",\"position\":3,\"name\":\"Test Methods\"}]},{\"@type\":\"WebSite\",\"@id\":\"https:\\\/\\\/www.technosert.com\\\/#website\",\"url\":\"https:\\\/\\\/www.technosert.com\\\/\",\"name\":\"technosert electronic GmbH\",\"description\":\"\",\"potentialAction\":[{\"@type\":\"SearchAction\",\"target\":{\"@type\":\"EntryPoint\",\"urlTemplate\":\"https:\\\/\\\/www.technosert.com\\\/?s={search_term_string}\"},\"query-input\":{\"@type\":\"PropertyValueSpecification\",\"valueRequired\":true,\"valueName\":\"search_term_string\"}}],\"inLanguage\":\"en-US\"}]}<\/script>\n<!-- \/ Yoast SEO plugin. -->","yoast_head_json":{"title":"State-of-the-Art Test Methods at EMS Provider technosert","description":"In order to deliver perfect products, EMS provider and PCB assembler technosert employs state-of-the-art test methods.","canonical":"https:\/\/www.technosert.com\/en\/ems-series-production\/test-methods\/","og_locale":"en_US","og_type":"article","og_title":"Moderne Testmethoden beim EMS-Dienstleister Technosert","og_description":"Um perfekte Produkte zu bieten, setzt der EMS-Dienstleister und Leiterplattenbest\u00fccker Technosert modernste Testmethoden ein. Das Spektrum reicht von optischer, elektrischer, R\u00f6ntgenpr\u00fcfung bis zu Funktionstests der Baugruppen.","og_url":"https:\/\/www.technosert.com\/en\/ems-series-production\/test-methods\/","og_site_name":"technosert electronic GmbH","article_modified_time":"2022-04-27T14:04:10+00:00","og_image":[{"width":1920,"height":740,"url":"https:\/\/www.technosert.com\/wp-content\/uploads\/2021\/06\/Header_Sub-Testmethoden_1920x740.jpg","type":"image\/jpeg"}],"twitter_card":"summary_large_image","twitter_title":"Moderne Testmethoden beim EMS-Dienstleister Technosert","twitter_description":"Um perfekte Produkte zu bieten, setzt der EMS-Dienstleister und Leiterplattenbest\u00fccker Technosert modernste Testmethoden ein. Das Spektrum reicht von optischer, elektrischer, R\u00f6ntgenpr\u00fcfung bis zu Funktionstests der Baugruppen.","twitter_image":"https:\/\/www.technosert.com\/wp-content\/uploads\/2021\/06\/Header_Sub-Testmethoden_1920x740.jpg","schema":{"@context":"https:\/\/schema.org","@graph":[{"@type":"WebPage","@id":"https:\/\/www.technosert.com\/en\/ems-series-production\/test-methods\/","url":"https:\/\/www.technosert.com\/en\/ems-series-production\/test-methods\/","name":"State-of-the-Art Test Methods at EMS Provider technosert","isPartOf":{"@id":"https:\/\/www.technosert.com\/#website"},"primaryImageOfPage":{"@id":"https:\/\/www.technosert.com\/en\/ems-series-production\/test-methods\/#primaryimage"},"image":{"@id":"https:\/\/www.technosert.com\/en\/ems-series-production\/test-methods\/#primaryimage"},"thumbnailUrl":"https:\/\/www.technosert.com\/wp-content\/uploads\/2021\/06\/Image-CaseStudies_Satellit_760x400px.jpg","datePublished":"2021-04-09T04:12:32+00:00","dateModified":"2022-04-27T14:04:10+00:00","description":"In order to deliver perfect products, EMS provider and PCB assembler technosert employs state-of-the-art test methods.","breadcrumb":{"@id":"https:\/\/www.technosert.com\/en\/ems-series-production\/test-methods\/#breadcrumb"},"inLanguage":"en-US","potentialAction":[{"@type":"ReadAction","target":["https:\/\/www.technosert.com\/en\/ems-series-production\/test-methods\/"]}]},{"@type":"ImageObject","inLanguage":"en-US","@id":"https:\/\/www.technosert.com\/en\/ems-series-production\/test-methods\/#primaryimage","url":"https:\/\/www.technosert.com\/wp-content\/uploads\/2021\/06\/Image-CaseStudies_Satellit_760x400px.jpg","contentUrl":"https:\/\/www.technosert.com\/wp-content\/uploads\/2021\/06\/Image-CaseStudies_Satellit_760x400px.jpg","width":760,"height":400,"caption":"Technosert ist der zukunftsorientierte EMS-Dienstleister f\u00fcr die Fertigung und Assemblierung von Elektronikbaugruppen"},{"@type":"BreadcrumbList","@id":"https:\/\/www.technosert.com\/en\/ems-series-production\/test-methods\/#breadcrumb","itemListElement":[{"@type":"ListItem","position":1,"name":"Startseite","item":"https:\/\/www.technosert.com\/en\/"},{"@type":"ListItem","position":2,"name":"EMS &#8211; Series Production","item":"https:\/\/www.technosert.com\/en\/ems-series-production\/"},{"@type":"ListItem","position":3,"name":"Test Methods"}]},{"@type":"WebSite","@id":"https:\/\/www.technosert.com\/#website","url":"https:\/\/www.technosert.com\/","name":"technosert electronic GmbH","description":"","potentialAction":[{"@type":"SearchAction","target":{"@type":"EntryPoint","urlTemplate":"https:\/\/www.technosert.com\/?s={search_term_string}"},"query-input":{"@type":"PropertyValueSpecification","valueRequired":true,"valueName":"search_term_string"}}],"inLanguage":"en-US"}]}},"_links":{"self":[{"href":"https:\/\/www.technosert.com\/en\/wp-json\/wp\/v2\/pages\/5069","targetHints":{"allow":["GET"]}}],"collection":[{"href":"https:\/\/www.technosert.com\/en\/wp-json\/wp\/v2\/pages"}],"about":[{"href":"https:\/\/www.technosert.com\/en\/wp-json\/wp\/v2\/types\/page"}],"author":[{"embeddable":true,"href":"https:\/\/www.technosert.com\/en\/wp-json\/wp\/v2\/users\/28"}],"replies":[{"embeddable":true,"href":"https:\/\/www.technosert.com\/en\/wp-json\/wp\/v2\/comments?post=5069"}],"version-history":[{"count":7,"href":"https:\/\/www.technosert.com\/en\/wp-json\/wp\/v2\/pages\/5069\/revisions"}],"predecessor-version":[{"id":5827,"href":"https:\/\/www.technosert.com\/en\/wp-json\/wp\/v2\/pages\/5069\/revisions\/5827"}],"up":[{"embeddable":true,"href":"https:\/\/www.technosert.com\/en\/wp-json\/wp\/v2\/pages\/5052"}],"wp:featuredmedia":[{"embeddable":true,"href":"https:\/\/www.technosert.com\/en\/wp-json\/wp\/v2\/media\/2866"}],"wp:attachment":[{"href":"https:\/\/www.technosert.com\/en\/wp-json\/wp\/v2\/media?parent=5069"}],"curies":[{"name":"wp","href":"https:\/\/api.w.org\/{rel}","templated":true}]}}